{"id":2133,"date":"2019-04-29T14:43:04","date_gmt":"2019-04-29T11:43:04","guid":{"rendered":"https:\/\/invivo.ee\/?page_id=2133"},"modified":"2020-02-14T10:05:59","modified_gmt":"2020-02-14T08:05:59","slug":"rekomendaczii-dizajnera","status":"publish","type":"page","link":"https:\/\/invivo.ee\/ru\/rekomendaczii-dizajnera\/","title":{"rendered":"\u0420\u0435\u043a\u043e\u043c\u0435\u043d\u0434\u0430\u0446\u0438\u0438 \u0434\u0438\u0437\u0430\u0439\u043d\u0435\u0440\u0430"},"content":{"rendered":"\n<style type=\"text\/css\" data-created_by=\"avia_inline_auto\" id=\"style-css-av-k6lw0xd0-f91ed29827d85f7e2c7620510ca5db7a\">\n#top .av-special-heading.av-k6lw0xd0-f91ed29827d85f7e2c7620510ca5db7a{\npadding-bottom:0;\n}\nbody .av-special-heading.av-k6lw0xd0-f91ed29827d85f7e2c7620510ca5db7a .av-special-heading-tag .heading-char{\nfont-size:25px;\n}\n.av-special-heading.av-k6lw0xd0-f91ed29827d85f7e2c7620510ca5db7a .av-subheading{\nfont-size:15px;\n}\n<\/style>\n<div  class='av-special-heading av-k6lw0xd0-f91ed29827d85f7e2c7620510ca5db7a av-special-heading-h2 blockquote modern-quote modern-centered  avia-builder-el-0  el_before_av_hr  avia-builder-el-first '><h2 class='av-special-heading-tag '  itemprop=\"headline\"  >\u0420\u0435\u043a\u043e\u043c\u0435\u043d\u0434\u0430\u0446\u0438\u0438 \u0434\u0438\u0437\u0430\u0439\u043d\u0435\u0440\u0430<\/h2><div class=\"special-heading-border\"><div class=\"special-heading-inner-border\"><\/div><\/div><\/div>\n\n<style type=\"text\/css\" data-created_by=\"avia_inline_auto\" id=\"style-css-av-av_hr-c282f4cd9bd3f3c176a54b23e2e441a5\">\n#top .hr.av-av_hr-c282f4cd9bd3f3c176a54b23e2e441a5{\nmargin-top:5px;\nmargin-bottom:35px;\n}\n.hr.av-av_hr-c282f4cd9bd3f3c176a54b23e2e441a5 .hr-inner{\nwidth:50px;\nborder-color:#efbb20;\n}\n<\/style>\n<div  class='hr av-av_hr-c282f4cd9bd3f3c176a54b23e2e441a5 hr-custom  avia-builder-el-1  el_after_av_heading  el_before_av_one_half  hr-center hr-icon-no'><span class='hr-inner inner-border-av-border-fat'><span class=\"hr-inner-style\"><\/span><\/span><\/div>\n\n<style type=\"text\/css\" data-created_by=\"avia_inline_auto\" id=\"style-css-av-av_one_half-d71a51a707c4656b37c9afbbd6138215\">\n.flex_column.av-av_one_half-d71a51a707c4656b37c9afbbd6138215{\nborder-radius:0px 0px 0px 0px;\npadding:0px 0px 0px 0px;\n}\n<\/style>\n<div  class='flex_column av-av_one_half-d71a51a707c4656b37c9afbbd6138215 av_one_half  avia-builder-el-2  el_after_av_hr  el_before_av_one_half  first flex_column_div av-animated-generic bottom-to-top av-zero-column-padding  '     ><p>\n<style type=\"text\/css\" data-created_by=\"avia_inline_auto\" id=\"style-css-av-av_image-595d7933ee2b150b1752e3ea80100c5f\">\n.avia-image-container.av-av_image-595d7933ee2b150b1752e3ea80100c5f img.avia_image{\nbox-shadow:none;\n}\n.avia-image-container.av-av_image-595d7933ee2b150b1752e3ea80100c5f .av-image-caption-overlay-center{\ncolor:#ffffff;\n}\n<\/style>\n<div  class='avia-image-container av-av_image-595d7933ee2b150b1752e3ea80100c5f av-styling-no-styling av-img-linked avia-align-center  avia-builder-el-3  el_before_av_heading  avia-builder-el-first '   itemprop=\"image\" itemscope=\"itemscope\" itemtype=\"https:\/\/schema.org\/ImageObject\" ><div class=\"avia-image-container-inner\"><div class=\"avia-image-overlay-wrap\"><a href=\"https:\/\/invivo.ee\/huva-nou\/\" class='avia_image '  aria-label='H\u00fcva-n\u00f5u-avafoto'><img fetchpriority=\"high\" class='wp-image-2031 avia-img-lazy-loading-not-2031 avia_image ' src='https:\/\/invivo.ee\/wp-content\/uploads\/H\u00fcva-n\u00f5u-avafoto.jpg' alt='' title='H\u00fcva-n\u00f5u-avafoto'  height=\"370\" width=\"845\"  itemprop=\"thumbnailUrl\"  \/><\/a><\/div><\/div><\/div><br \/>\n\n<style type=\"text\/css\" data-created_by=\"avia_inline_auto\" id=\"style-css-av-av_heading-954f446d641d87b586053bbde2a6ea90\">\n#top .av-special-heading.av-av_heading-954f446d641d87b586053bbde2a6ea90{\npadding-bottom:0;\n}\nbody .av-special-heading.av-av_heading-954f446d641d87b586053bbde2a6ea90 .av-special-heading-tag .heading-char{\nfont-size:25px;\n}\n.av-special-heading.av-av_heading-954f446d641d87b586053bbde2a6ea90 .av-subheading{\nfont-size:15px;\n}\n<\/style>\n<div  class='av-special-heading av-av_heading-954f446d641d87b586053bbde2a6ea90 av-special-heading-h3 blockquote modern-quote  avia-builder-el-4  el_after_av_image  el_before_av_hr '><h3 class='av-special-heading-tag '  itemprop=\"headline\"  >\u0425\u043e\u0440\u043e\u0448\u0438\u0439 \u0441\u043e\u0432\u0435\u0442!<\/h3><div class=\"special-heading-border\"><div class=\"special-heading-inner-border\"><\/div><\/div><\/div><br \/>\n\n<style type=\"text\/css\" data-created_by=\"avia_inline_auto\" id=\"style-css-av-av_hr-3e128d09911abf776949821b39a02bfe\">\n#top .hr.av-av_hr-3e128d09911abf776949821b39a02bfe{\nmargin-top:10px;\nmargin-bottom:10px;\n}\n.hr.av-av_hr-3e128d09911abf776949821b39a02bfe .hr-inner{\nwidth:50px;\nborder-color:#efbb20;\n}\n<\/style>\n<div  class='hr av-av_hr-3e128d09911abf776949821b39a02bfe hr-custom  avia-builder-el-5  el_after_av_heading  el_before_av_textblock  hr-left hr-icon-no'><span class='hr-inner inner-border-av-border-fat'><span class=\"hr-inner-style\"><\/span><\/span><\/div><br \/>\n<section  class='av_textblock_section av-av_textblock-35972167d9f102c5ddaec0c531c98b9e '   itemscope=\"itemscope\" itemtype=\"https:\/\/schema.org\/CreativeWork\" ><div class='avia_textblock'  itemprop=\"text\" ><p>\u041f\u0440\u0438 \u043f\u043b\u0430\u043d\u0438\u0440\u043e\u0432\u0430\u043d\u0438\u0438 \u043f\u043e\u043a\u0443\u043f\u043a\u0438 \u043c\u0435\u0431\u0435\u043b\u0438 \u0441\u043e\u0432\u0435\u0442 \u043d\u0430\u0448\u0438\u0445 \u0441\u043f\u0435\u0446\u0438\u0430\u043b\u0438\u0441\u0442\u043e\u0432 \u0432 \u043f\u043e\u043c\u043e\u0449\u044c.<\/p>\n<\/div><\/section><\/p><\/div>\n\n<style type=\"text\/css\" data-created_by=\"avia_inline_auto\" id=\"style-css-av-av_one_half-93bea18e2ccb60552a17080633244dec\">\n.flex_column.av-av_one_half-93bea18e2ccb60552a17080633244dec{\nborder-radius:0px 0px 0px 0px;\npadding:0px 0px 0px 0px;\n}\n<\/style>\n<div  class='flex_column av-av_one_half-93bea18e2ccb60552a17080633244dec av_one_half  avia-builder-el-7  el_after_av_one_half  avia-builder-el-last  flex_column_div av-animated-generic bottom-to-top av-zero-column-padding  '     ><p>\n<style type=\"text\/css\" data-created_by=\"avia_inline_auto\" id=\"style-css-av-av_image-3ff56f420d5c82fc5028e99b789c432e\">\n.avia-image-container.av-av_image-3ff56f420d5c82fc5028e99b789c432e img.avia_image{\nbox-shadow:none;\n}\n.avia-image-container.av-av_image-3ff56f420d5c82fc5028e99b789c432e .av-image-caption-overlay-center{\ncolor:#ffffff;\n}\n<\/style>\n<div  class='avia-image-container av-av_image-3ff56f420d5c82fc5028e99b789c432e av-styling-no-styling av-img-linked avia-align-center  avia-builder-el-8  el_before_av_heading  avia-builder-el-first '   itemprop=\"image\" itemscope=\"itemscope\" itemtype=\"https:\/\/schema.org\/ImageObject\" ><div class=\"avia-image-container-inner\"><div class=\"avia-image-overlay-wrap\"><a href=\"https:\/\/invivo.ee\/inspiratsioon\/\" class='avia_image '  aria-label='varvide-muusika'><img fetchpriority=\"high\" class='wp-image-2033 avia-img-lazy-loading-not-2033 avia_image ' src='https:\/\/invivo.ee\/wp-content\/uploads\/varvide-muusika.jpg' alt='' title='varvide-muusika'  height=\"370\" width=\"845\"  itemprop=\"thumbnailUrl\"  \/><\/a><\/div><\/div><\/div><br \/>\n\n<style type=\"text\/css\" data-created_by=\"avia_inline_auto\" id=\"style-css-av-av_heading-93c1ad7714b0e6490a9b3c57a42713d1\">\n#top .av-special-heading.av-av_heading-93c1ad7714b0e6490a9b3c57a42713d1{\npadding-bottom:0;\n}\nbody .av-special-heading.av-av_heading-93c1ad7714b0e6490a9b3c57a42713d1 .av-special-heading-tag .heading-char{\nfont-size:25px;\n}\n.av-special-heading.av-av_heading-93c1ad7714b0e6490a9b3c57a42713d1 .av-subheading{\nfont-size:15px;\n}\n<\/style>\n<div  class='av-special-heading av-av_heading-93c1ad7714b0e6490a9b3c57a42713d1 av-special-heading-h3 blockquote modern-quote  avia-builder-el-9  el_after_av_image  el_before_av_hr '><h3 class='av-special-heading-tag '  itemprop=\"headline\"  >B\u0434\u043e\u0445\u043d\u043e\u0432\u0435\u043d\u0438\u0435<\/h3><div class=\"special-heading-border\"><div class=\"special-heading-inner-border\"><\/div><\/div><\/div><br \/>\n\n<style type=\"text\/css\" data-created_by=\"avia_inline_auto\" id=\"style-css-av-av_hr-3e128d09911abf776949821b39a02bfe\">\n#top .hr.av-av_hr-3e128d09911abf776949821b39a02bfe{\nmargin-top:10px;\nmargin-bottom:10px;\n}\n.hr.av-av_hr-3e128d09911abf776949821b39a02bfe .hr-inner{\nwidth:50px;\nborder-color:#efbb20;\n}\n<\/style>\n<div  class='hr av-av_hr-3e128d09911abf776949821b39a02bfe hr-custom  avia-builder-el-10  el_after_av_heading  el_before_av_textblock  hr-left hr-icon-no'><span class='hr-inner inner-border-av-border-fat'><span class=\"hr-inner-style\"><\/span><\/span><\/div><br \/>\n<section  class='av_textblock_section av-av_textblock-35972167d9f102c5ddaec0c531c98b9e '   itemscope=\"itemscope\" itemtype=\"https:\/\/schema.org\/CreativeWork\" ><div class='avia_textblock'  itemprop=\"text\" ><p>\u041d\u0435\u043a\u043e\u0442\u043e\u0440\u044b\u0435 \u0438\u0434\u0435\u0438, \u043a\u043e\u0442\u043e\u0440\u044b\u0435 \u043f\u043e\u043c\u043e\u0433\u0443\u0442 \u0432\u0430\u043c \u043d\u0430\u0439\u0442\u0438 \u0441\u0432\u043e\u0439 \u0432\u044b\u0431\u043e\u0440 \u0446\u0432\u0435\u0442\u0430 \u0438 \u0441\u0442\u0438\u043b\u044f.<\/p>\n<\/div><\/section><\/p><\/div>\n","protected":false},"excerpt":{"rendered":"","protected":false},"author":4,"featured_media":0,"parent":0,"menu_order":0,"comment_status":"closed","ping_status":"closed","template":"","meta":{"footnotes":""},"class_list":["post-2133","page","type-page","status-publish","hentry"],"yoast_head":"<!-- This site is optimized with the Yoast SEO plugin v27.1.1 - https:\/\/yoast.com\/product\/yoast-seo-wordpress\/ -->\n<title>\u0420\u0435\u043a\u043e\u043c\u0435\u043d\u0434\u0430\u0446\u0438\u0438 \u0434\u0438\u0437\u0430\u0439\u043d\u0435\u0440\u0430 - In Vivo<\/title>\n<meta name=\"robots\" content=\"index, follow, max-snippet:-1, max-image-preview:large, max-video-preview:-1\" \/>\n<link rel=\"canonical\" href=\"https:\/\/invivo.ee\/ru\/rekomendaczii-dizajnera\/\" \/>\n<meta property=\"og:locale\" content=\"ru_RU\" \/>\n<meta property=\"og:type\" content=\"article\" \/>\n<meta property=\"og:title\" content=\"\u0420\u0435\u043a\u043e\u043c\u0435\u043d\u0434\u0430\u0446\u0438\u0438 \u0434\u0438\u0437\u0430\u0439\u043d\u0435\u0440\u0430 - In Vivo\" \/>\n<meta property=\"og:url\" content=\"https:\/\/invivo.ee\/ru\/rekomendaczii-dizajnera\/\" \/>\n<meta property=\"og:site_name\" content=\"In Vivo\" \/>\n<meta property=\"article:modified_time\" content=\"2020-02-14T08:05:59+00:00\" \/>\n<meta name=\"twitter:card\" content=\"summary_large_image\" \/>\n<meta name=\"twitter:label1\" content=\"\u041f\u0440\u0438\u043c\u0435\u0440\u043d\u043e\u0435 \u0432\u0440\u0435\u043c\u044f \u0434\u043b\u044f \u0447\u0442\u0435\u043d\u0438\u044f\" \/>\n\t<meta name=\"twitter:data1\" content=\"3 \u043c\u0438\u043d\u0443\u0442\u044b\" \/>\n<script type=\"application\/ld+json\" class=\"yoast-schema-graph\">{\"@context\":\"https:\/\/schema.org\",\"@graph\":[{\"@type\":\"WebPage\",\"@id\":\"https:\/\/invivo.ee\/ru\/rekomendaczii-dizajnera\/\",\"url\":\"https:\/\/invivo.ee\/ru\/rekomendaczii-dizajnera\/\",\"name\":\"\u0420\u0435\u043a\u043e\u043c\u0435\u043d\u0434\u0430\u0446\u0438\u0438 \u0434\u0438\u0437\u0430\u0439\u043d\u0435\u0440\u0430 - In Vivo\",\"isPartOf\":{\"@id\":\"https:\/\/invivo.ee\/ru\/#website\"},\"datePublished\":\"2019-04-29T11:43:04+00:00\",\"dateModified\":\"2020-02-14T08:05:59+00:00\",\"breadcrumb\":{\"@id\":\"https:\/\/invivo.ee\/ru\/rekomendaczii-dizajnera\/#breadcrumb\"},\"inLanguage\":\"ru-RU\",\"potentialAction\":[{\"@type\":\"ReadAction\",\"target\":[\"https:\/\/invivo.ee\/ru\/rekomendaczii-dizajnera\/\"]}]},{\"@type\":\"BreadcrumbList\",\"@id\":\"https:\/\/invivo.ee\/ru\/rekomendaczii-dizajnera\/#breadcrumb\",\"itemListElement\":[{\"@type\":\"ListItem\",\"position\":1,\"name\":\"Home\",\"item\":\"https:\/\/invivo.ee\/ru\/\"},{\"@type\":\"ListItem\",\"position\":2,\"name\":\"\u0420\u0435\u043a\u043e\u043c\u0435\u043d\u0434\u0430\u0446\u0438\u0438 \u0434\u0438\u0437\u0430\u0439\u043d\u0435\u0440\u0430\"}]},{\"@type\":\"WebSite\",\"@id\":\"https:\/\/invivo.ee\/ru\/#website\",\"url\":\"https:\/\/invivo.ee\/ru\/\",\"name\":\"In Vivo\",\"description\":\"M\u00f6\u00f6bli eriprojektid\",\"publisher\":{\"@id\":\"https:\/\/invivo.ee\/ru\/#organization\"},\"potentialAction\":[{\"@type\":\"SearchAction\",\"target\":{\"@type\":\"EntryPoint\",\"urlTemplate\":\"https:\/\/invivo.ee\/ru\/?s={search_term_string}\"},\"query-input\":{\"@type\":\"PropertyValueSpecification\",\"valueRequired\":true,\"valueName\":\"search_term_string\"}}],\"inLanguage\":\"ru-RU\"},{\"@type\":\"Organization\",\"@id\":\"https:\/\/invivo.ee\/ru\/#organization\",\"name\":\"IN VIVO O\u00dc\",\"url\":\"https:\/\/invivo.ee\/ru\/\",\"logo\":{\"@type\":\"ImageObject\",\"inLanguage\":\"ru-RU\",\"@id\":\"https:\/\/invivo.ee\/ru\/#\/schema\/logo\/image\/\",\"url\":\"https:\/\/invivo.ee\/wp-content\/uploads\/invivo-logo.png\",\"contentUrl\":\"https:\/\/invivo.ee\/wp-content\/uploads\/invivo-logo.png\",\"width\":340,\"height\":156,\"caption\":\"IN VIVO O\u00dc\"},\"image\":{\"@id\":\"https:\/\/invivo.ee\/ru\/#\/schema\/logo\/image\/\"}}]}<\/script>\n<!-- \/ Yoast SEO plugin. -->","yoast_head_json":{"title":"\u0420\u0435\u043a\u043e\u043c\u0435\u043d\u0434\u0430\u0446\u0438\u0438 \u0434\u0438\u0437\u0430\u0439\u043d\u0435\u0440\u0430 - In Vivo","robots":{"index":"index","follow":"follow","max-snippet":"max-snippet:-1","max-image-preview":"max-image-preview:large","max-video-preview":"max-video-preview:-1"},"canonical":"https:\/\/invivo.ee\/ru\/rekomendaczii-dizajnera\/","og_locale":"ru_RU","og_type":"article","og_title":"\u0420\u0435\u043a\u043e\u043c\u0435\u043d\u0434\u0430\u0446\u0438\u0438 \u0434\u0438\u0437\u0430\u0439\u043d\u0435\u0440\u0430 - In Vivo","og_url":"https:\/\/invivo.ee\/ru\/rekomendaczii-dizajnera\/","og_site_name":"In Vivo","article_modified_time":"2020-02-14T08:05:59+00:00","twitter_card":"summary_large_image","twitter_misc":{"\u041f\u0440\u0438\u043c\u0435\u0440\u043d\u043e\u0435 \u0432\u0440\u0435\u043c\u044f \u0434\u043b\u044f \u0447\u0442\u0435\u043d\u0438\u044f":"3 \u043c\u0438\u043d\u0443\u0442\u044b"},"schema":{"@context":"https:\/\/schema.org","@graph":[{"@type":"WebPage","@id":"https:\/\/invivo.ee\/ru\/rekomendaczii-dizajnera\/","url":"https:\/\/invivo.ee\/ru\/rekomendaczii-dizajnera\/","name":"\u0420\u0435\u043a\u043e\u043c\u0435\u043d\u0434\u0430\u0446\u0438\u0438 \u0434\u0438\u0437\u0430\u0439\u043d\u0435\u0440\u0430 - In Vivo","isPartOf":{"@id":"https:\/\/invivo.ee\/ru\/#website"},"datePublished":"2019-04-29T11:43:04+00:00","dateModified":"2020-02-14T08:05:59+00:00","breadcrumb":{"@id":"https:\/\/invivo.ee\/ru\/rekomendaczii-dizajnera\/#breadcrumb"},"inLanguage":"ru-RU","potentialAction":[{"@type":"ReadAction","target":["https:\/\/invivo.ee\/ru\/rekomendaczii-dizajnera\/"]}]},{"@type":"BreadcrumbList","@id":"https:\/\/invivo.ee\/ru\/rekomendaczii-dizajnera\/#breadcrumb","itemListElement":[{"@type":"ListItem","position":1,"name":"Home","item":"https:\/\/invivo.ee\/ru\/"},{"@type":"ListItem","position":2,"name":"\u0420\u0435\u043a\u043e\u043c\u0435\u043d\u0434\u0430\u0446\u0438\u0438 \u0434\u0438\u0437\u0430\u0439\u043d\u0435\u0440\u0430"}]},{"@type":"WebSite","@id":"https:\/\/invivo.ee\/ru\/#website","url":"https:\/\/invivo.ee\/ru\/","name":"In Vivo","description":"M\u00f6\u00f6bli eriprojektid","publisher":{"@id":"https:\/\/invivo.ee\/ru\/#organization"},"potentialAction":[{"@type":"SearchAction","target":{"@type":"EntryPoint","urlTemplate":"https:\/\/invivo.ee\/ru\/?s={search_term_string}"},"query-input":{"@type":"PropertyValueSpecification","valueRequired":true,"valueName":"search_term_string"}}],"inLanguage":"ru-RU"},{"@type":"Organization","@id":"https:\/\/invivo.ee\/ru\/#organization","name":"IN VIVO O\u00dc","url":"https:\/\/invivo.ee\/ru\/","logo":{"@type":"ImageObject","inLanguage":"ru-RU","@id":"https:\/\/invivo.ee\/ru\/#\/schema\/logo\/image\/","url":"https:\/\/invivo.ee\/wp-content\/uploads\/invivo-logo.png","contentUrl":"https:\/\/invivo.ee\/wp-content\/uploads\/invivo-logo.png","width":340,"height":156,"caption":"IN VIVO O\u00dc"},"image":{"@id":"https:\/\/invivo.ee\/ru\/#\/schema\/logo\/image\/"}}]}},"_links":{"self":[{"href":"https:\/\/invivo.ee\/ru\/wp-json\/wp\/v2\/pages\/2133","targetHints":{"allow":["GET"]}}],"collection":[{"href":"https:\/\/invivo.ee\/ru\/wp-json\/wp\/v2\/pages"}],"about":[{"href":"https:\/\/invivo.ee\/ru\/wp-json\/wp\/v2\/types\/page"}],"author":[{"embeddable":true,"href":"https:\/\/invivo.ee\/ru\/wp-json\/wp\/v2\/users\/4"}],"replies":[{"embeddable":true,"href":"https:\/\/invivo.ee\/ru\/wp-json\/wp\/v2\/comments?post=2133"}],"version-history":[{"count":3,"href":"https:\/\/invivo.ee\/ru\/wp-json\/wp\/v2\/pages\/2133\/revisions"}],"predecessor-version":[{"id":2236,"href":"https:\/\/invivo.ee\/ru\/wp-json\/wp\/v2\/pages\/2133\/revisions\/2236"}],"wp:attachment":[{"href":"https:\/\/invivo.ee\/ru\/wp-json\/wp\/v2\/media?parent=2133"}],"curies":[{"name":"wp","href":"https:\/\/api.w.org\/{rel}","templated":true}]}}